{"id":463,"date":"2023-12-21T20:55:08","date_gmt":"2023-12-21T20:55:08","guid":{"rendered":"https:\/\/kuopranbot.si\/?page_id=463"},"modified":"2024-02-15T11:06:11","modified_gmt":"2024-02-15T11:06:11","slug":"kontakt","status":"publish","type":"page","link":"https:\/\/kuopranbot.si\/?page_id=463","title":{"rendered":"Kontakt"},"content":{"rendered":"<div class=\"wp-block-image\">\n<figure class=\"aligncenter size-full is-resized\"><img loading=\"lazy\" decoding=\"async\" width=\"699\" height=\"264\" src=\"https:\/\/kuopranbot.si\/wp-content\/uploads\/2023\/11\/Logotip-podolgovat-1.png\" alt=\"Kuopr Anbot\" class=\"wp-image-144\" style=\"width:616px;height:auto\" srcset=\"https:\/\/kuopranbot.si\/wp-content\/uploads\/2023\/11\/Logotip-podolgovat-1.png 699w, https:\/\/kuopranbot.si\/wp-content\/uploads\/2023\/11\/Logotip-podolgovat-1-300x113.png 300w\" sizes=\"auto, (max-width: 699px) 100vw, 699px\" \/><figcaption class=\"wp-element-caption\"><strong>Kuopr anbot &#8211; Koper neko\u010d Utrinki iz pretekle zgodovine Kopra in okolice<\/strong><\/figcaption><\/figure>\n<\/div>\n\n\n<p><\/p>\n\n\n\n<p class=\"has-text-align-center\">Izpolni spodnja polja in po\u0161lji sporo\u010dilo urednikom spleti\u0161\u010da                                        <img loading=\"lazy\" decoding=\"async\" width=\"150\" height=\"150\" class=\"wp-image-1173\" style=\"width: 150px;\" src=\"https:\/\/kuopranbot.si\/wp-content\/uploads\/2024\/02\/Logo-Email-Symbol-PNG-200x200-1.png\" alt=\"sporo\u010dilo\" srcset=\"https:\/\/kuopranbot.si\/wp-content\/uploads\/2024\/02\/Logo-Email-Symbol-PNG-200x200-1.png 200w, https:\/\/kuopranbot.si\/wp-content\/uploads\/2024\/02\/Logo-Email-Symbol-PNG-200x200-1-150x150.png 150w, https:\/\/kuopranbot.si\/wp-content\/uploads\/2024\/02\/Logo-Email-Symbol-PNG-200x200-1-24x24.png 24w, https:\/\/kuopranbot.si\/wp-content\/uploads\/2024\/02\/Logo-Email-Symbol-PNG-200x200-1-48x48.png 48w, https:\/\/kuopranbot.si\/wp-content\/uploads\/2024\/02\/Logo-Email-Symbol-PNG-200x200-1-96x96.png 96w\" sizes=\"auto, (max-width: 150px) 100vw, 150px\" \/> <\/p>\n\n\n\n<div class=\"wpcf7 no-js\" id=\"wpcf7-f444-o1\" lang=\"sl-SI\" dir=\"ltr\" data-wpcf7-id=\"444\">\n<div class=\"screen-reader-response\"><p role=\"status\" aria-live=\"polite\" aria-atomic=\"true\"><\/p> <ul><\/ul><\/div>\n<form action=\"\/index.php?rest_route=%2Fwp%2Fv2%2Fpages%2F463#wpcf7-f444-o1\" method=\"post\" class=\"wpcf7-form init\" aria-label=\"Contact form\" novalidate=\"novalidate\" data-status=\"init\">\n<fieldset class=\"hidden-fields-container\"><input type=\"hidden\" name=\"_wpcf7\" value=\"444\" \/><input type=\"hidden\" name=\"_wpcf7_version\" value=\"6.1.4\" \/><input type=\"hidden\" name=\"_wpcf7_locale\" value=\"sl_SI\" \/><input type=\"hidden\" name=\"_wpcf7_unit_tag\" value=\"wpcf7-f444-o1\" \/><input type=\"hidden\" name=\"_wpcf7_container_post\" value=\"0\" \/><input type=\"hidden\" name=\"_wpcf7_posted_data_hash\" value=\"\" \/><input type=\"hidden\" name=\"_wpcf7_recaptcha_response\" value=\"\" \/>\n<\/fieldset>\n<p><label> Va\u0161e ime<br \/>\n<span class=\"wpcf7-form-control-wrap\" data-name=\"your-name\"><input size=\"40\" maxlength=\"400\" class=\"wpcf7-form-control wpcf7-text wpcf7-validates-as-required\" autocomplete=\"name\" aria-required=\"true\" aria-invalid=\"false\" value=\"\" type=\"text\" name=\"your-name\" \/><\/span> <\/label>\n<\/p>\n<p><label> Va\u0161a e-po\u0161ta<br \/>\n<span class=\"wpcf7-form-control-wrap\" data-name=\"your-email\"><input size=\"40\" maxlength=\"400\" class=\"wpcf7-form-control wpcf7-email wpcf7-validates-as-required wpcf7-text wpcf7-validates-as-email\" autocomplete=\"email\" aria-required=\"true\" aria-invalid=\"false\" value=\"\" type=\"email\" name=\"your-email\" \/><\/span> <\/label>\n<\/p>\n<p><label> Zadeva<br \/>\n<span class=\"wpcf7-form-control-wrap\" data-name=\"your-subject\"><input size=\"40\" maxlength=\"400\" class=\"wpcf7-form-control wpcf7-text wpcf7-validates-as-required\" aria-required=\"true\" aria-invalid=\"false\" value=\"\" type=\"text\" name=\"your-subject\" \/><\/span> <\/label>\n<\/p>\n<p><label> Va\u0161e sporo\u010dilo (neobvezno)<br \/>\n<span class=\"wpcf7-form-control-wrap\" data-name=\"your-message\"><textarea cols=\"40\" rows=\"10\" maxlength=\"2000\" class=\"wpcf7-form-control wpcf7-textarea\" aria-invalid=\"false\" name=\"your-message\"><\/textarea><\/span> <\/label>\n<\/p>\n<p><input class=\"wpcf7-form-control wpcf7-submit has-spinner\" type=\"submit\" value=\"Po\u0161lji\" \/>\n<\/p><div class=\"wpcf7-response-output\" aria-hidden=\"true\"><\/div>\n<\/form>\n<\/div>\n\n","protected":false},"excerpt":{"rendered":"<p>Izpolni spodnja polja in po\u0161lji sporo\u010dilo urednikom spleti\u0161\u010da<\/p>\n","protected":false},"author":2,"featured_media":0,"parent":0,"menu_order":0,"comment_status":"closed","ping_status":"closed","template":"","meta":{"_monsterinsights_skip_tracking":false,"_monsterinsights_sitenote_active":false,"_monsterinsights_sitenote_note":"","_monsterinsights_sitenote_category":0,"footnotes":""},"class_list":["post-463","page","type-page","status-publish","hentry"],"aioseo_notices":[],"_links":{"self":[{"href":"https:\/\/kuopranbot.si\/index.php?rest_route=\/wp\/v2\/pages\/463","targetHints":{"allow":["GET"]}}],"collection":[{"href":"https:\/\/kuopranbot.si\/index.php?rest_route=\/wp\/v2\/pages"}],"about":[{"href":"https:\/\/kuopranbot.si\/index.php?rest_route=\/wp\/v2\/types\/page"}],"author":[{"embeddable":true,"href":"https:\/\/kuopranbot.si\/index.php?rest_route=\/wp\/v2\/users\/2"}],"replies":[{"embeddable":true,"href":"https:\/\/kuopranbot.si\/index.php?rest_route=%2Fwp%2Fv2%2Fcomments&post=463"}],"version-history":[{"count":10,"href":"https:\/\/kuopranbot.si\/index.php?rest_route=\/wp\/v2\/pages\/463\/revisions"}],"predecessor-version":[{"id":1181,"href":"https:\/\/kuopranbot.si\/index.php?rest_route=\/wp\/v2\/pages\/463\/revisions\/1181"}],"wp:attachment":[{"href":"https:\/\/kuopranbot.si\/index.php?rest_route=%2Fwp%2Fv2%2Fmedia&parent=463"}],"curies":[{"name":"wp","href":"https:\/\/api.w.org\/{rel}","templated":true}]}}