{"id":1074,"date":"2024-02-11T17:26:11","date_gmt":"2024-02-11T17:26:11","guid":{"rendered":"https:\/\/kuopranbot.si\/?page_id=1074"},"modified":"2025-06-19T14:17:40","modified_gmt":"2025-06-19T14:17:40","slug":"kdo-smo","status":"publish","type":"page","link":"https:\/\/kuopranbot.si\/?page_id=1074","title":{"rendered":"Kdo smo"},"content":{"rendered":"<div class=\"wp-block-image is-style-default\">\n<figure data-wp-context=\"{&quot;imageId&quot;:&quot;6a070b5c3df2a&quot;}\" data-wp-interactive=\"core\/image\" data-wp-key=\"6a070b5c3df2a\" class=\"aligncenter size-full is-resized wp-lightbox-container\"><img loading=\"lazy\" decoding=\"async\" width=\"900\" height=\"338\" data-wp-class--hide=\"state.isContentHidden\" data-wp-class--show=\"state.isContentVisible\" data-wp-init=\"callbacks.setButtonStyles\" data-wp-on--click=\"actions.showLightbox\" data-wp-on--load=\"callbacks.setButtonStyles\" data-wp-on-window--resize=\"callbacks.setButtonStyles\" src=\"https:\/\/kuopranbot.si\/wp-content\/uploads\/2024\/02\/Kuopr-Anmbot-Logo-spletna-4.png\" alt=\"KuoprAnbot.si to smo mi\" class=\"wp-image-1075\" style=\"width:530px;height:auto\" title=\"Kuopr anbot\" srcset=\"https:\/\/kuopranbot.si\/wp-content\/uploads\/2024\/02\/Kuopr-Anmbot-Logo-spletna-4.png 900w, https:\/\/kuopranbot.si\/wp-content\/uploads\/2024\/02\/Kuopr-Anmbot-Logo-spletna-4-300x113.png 300w, https:\/\/kuopranbot.si\/wp-content\/uploads\/2024\/02\/Kuopr-Anmbot-Logo-spletna-4-768x288.png 768w\" sizes=\"auto, (max-width: 900px) 100vw, 900px\" \/><button\n\t\t\tclass=\"lightbox-trigger\"\n\t\t\ttype=\"button\"\n\t\t\taria-haspopup=\"dialog\"\n\t\t\taria-label=\"Pove\u010daj\"\n\t\t\tdata-wp-init=\"callbacks.initTriggerButton\"\n\t\t\tdata-wp-on--click=\"actions.showLightbox\"\n\t\t\tdata-wp-style--right=\"state.imageButtonRight\"\n\t\t\tdata-wp-style--top=\"state.imageButtonTop\"\n\t\t>\n\t\t\t<svg xmlns=\"http:\/\/www.w3.org\/2000\/svg\" width=\"12\" height=\"12\" fill=\"none\" viewBox=\"0 0 12 12\">\n\t\t\t\t<path fill=\"#fff\" d=\"M2 0a2 2 0 0 0-2 2v2h1.5V2a.5.5 0 0 1 .5-.5h2V0H2Zm2 10.5H2a.5.5 0 0 1-.5-.5V8H0v2a2 2 0 0 0 2 2h2v-1.5ZM8 12v-1.5h2a.5.5 0 0 0 .5-.5V8H12v2a2 2 0 0 1-2 2H8Zm2-12a2 2 0 0 1 2 2v2h-1.5V2a.5.5 0 0 0-.5-.5H8V0h2Z\" \/>\n\t\t\t<\/svg>\n\t\t<\/button><\/figure>\n<\/div>\n\n\n<p><\/p>\n\n\n\n<p class=\"has-text-align-left\">Na socialnem omre\u017eju Facebook sva z <a href=\"https:\/\/www.facebook.com\/profile.php?id=100007704525105\" target=\"_blank\" rel=\"noopener\" title=\"\">Borisom Umerjem<\/a>, pred ve\u010d leti ustanovila skupino &#8220;<strong>Kuopr Anbot &#8211; Koper neko\u010d<\/strong>&#8220;, na Borisovo pobudo. Najin namen je bil in je \u0161e vedno posredovanje znane in manj znane zgodovine Kopra in okolice, \u0161ir\u0161i javnosti in \u0161e posebno mlaj\u0161i generaciji Kopr\u010danov in drugih. Sva ljubiteljska raziskovalca koprske zgodovine, \u0161e posebno tiste manj znane, ali zamol\u010dane. V najine prispevke in zgodbe, ki so vedno utemeljeni na zgodovinskih dejstvih, velikokrat vpleteva svoj osebni pogled na pretekle \u010dase, da ni le suhoparno opisovanje zgodovine. \u010clanek postane izto\u010dnica za razpravo in odziv bralcev, da se vklju\u010dijo v izmenjavo mnenj in velikokrat tudi dopolnjevanju skupnega znanja. Kar je vidno na socialnem omre\u017eju.<\/p>\n\n\n<div class=\"wp-block-image\">\n<figure class=\"alignleft size-large is-resized\"><a href=\"https:\/\/kuopranbot.si\/wp-content\/uploads\/2025\/06\/Kdo-smo-Stanko-in-Boris-14-06-2025.jpg\" rel=\"lightbox[1074]\"><img loading=\"lazy\" decoding=\"async\" width=\"1024\" height=\"658\" src=\"https:\/\/kuopranbot.si\/wp-content\/uploads\/2025\/06\/Kdo-smo-Stanko-in-Boris-14-06-2025-1024x658.jpg\" alt=\"Boris in Stanko\" class=\"wp-image-7980\" style=\"width:555px;height:auto\" srcset=\"https:\/\/kuopranbot.si\/wp-content\/uploads\/2025\/06\/Kdo-smo-Stanko-in-Boris-14-06-2025-1024x658.jpg 1024w, https:\/\/kuopranbot.si\/wp-content\/uploads\/2025\/06\/Kdo-smo-Stanko-in-Boris-14-06-2025-300x193.jpg 300w, https:\/\/kuopranbot.si\/wp-content\/uploads\/2025\/06\/Kdo-smo-Stanko-in-Boris-14-06-2025-768x494.jpg 768w, https:\/\/kuopranbot.si\/wp-content\/uploads\/2025\/06\/Kdo-smo-Stanko-in-Boris-14-06-2025.jpg 1500w\" sizes=\"auto, (max-width: 1024px) 100vw, 1024px\" \/><\/a><figcaption class=\"wp-element-caption\">Z leve proti desni; Stanko Ivan\u010di\u010d in  Boris Umer 14. junija 2025, v oddaji Pogled nazaj TV Megafon<\/figcaption><\/figure>\n<\/div>\n\n\n<p class=\"has-text-align-left\">Na socialnih omre\u017ejih si ve\u010dina ogleduje in posreduje ve\u010dinoma slike, ali zelo kratke videoposnetke, dalj\u0161a besedila so spregledana in ve\u010dinoma ne prebrana. Zanimiv postaja le izgled in ne vsebina, ali celo znanje, zato sva prepri\u010dana, da v teh \u010dasih digitalizacije in umetne inteligence, postaja posredovanje osebne izku\u0161nje o pretekli zgodovini pomembno. Zato, da bi pritegnila k branju \u0161e ve\u010d znanja \u017eeljnih, sva ustanovila tudi portal, spleti\u0161\u010de, oziroma spletne strani. Niso vsi na socialnih omre\u017ejih, kot je Facebook, pravzaprav ve\u010dine ni tam, sedaj bodo lahko vsi, ki imajo dostop do interneta lahko obiskali spletno stran z utrinki iz zgodovine Kopra in okolice. <\/p>\n\n\n\n<p class=\"has-text-align-left\"><a href=\"https:\/\/www.facebook.com\/hister.caprae\/\" target=\"_blank\" rel=\"noopener\" title=\"\">Stanko Ivan\u010di\u010d<\/a> <\/p>\n","protected":false},"excerpt":{"rendered":"<p>Na socialnem omre\u017eju Facebook sva z Borisom Umerjem, pred ve\u010d leti ustanovila skupino &#8220;Kuopr Anbot &#8211; Koper neko\u010d&#8220;, na Borisovo pobudo. Najin namen je bil in je \u0161e vedno posredovanje znane in manj znane zgodovine Kopra in okolice, \u0161ir\u0161i javnosti in \u0161e posebno mlaj\u0161i generaciji Kopr\u010danov in drugih. Sva ljubiteljska raziskovalca koprske zgodovine, \u0161e posebno [&hellip;]<\/p>\n","protected":false},"author":2,"featured_media":0,"parent":0,"menu_order":0,"comment_status":"closed","ping_status":"closed","template":"","meta":{"_monsterinsights_skip_tracking":false,"_monsterinsights_sitenote_active":false,"_monsterinsights_sitenote_note":"","_monsterinsights_sitenote_category":0,"footnotes":""},"class_list":["post-1074","page","type-page","status-publish","hentry"],"aioseo_notices":[],"_links":{"self":[{"href":"https:\/\/kuopranbot.si\/index.php?rest_route=\/wp\/v2\/pages\/1074","targetHints":{"allow":["GET"]}}],"collection":[{"href":"https:\/\/kuopranbot.si\/index.php?rest_route=\/wp\/v2\/pages"}],"about":[{"href":"https:\/\/kuopranbot.si\/index.php?rest_route=\/wp\/v2\/types\/page"}],"author":[{"embeddable":true,"href":"https:\/\/kuopranbot.si\/index.php?rest_route=\/wp\/v2\/users\/2"}],"replies":[{"embeddable":true,"href":"https:\/\/kuopranbot.si\/index.php?rest_route=%2Fwp%2Fv2%2Fcomments&post=1074"}],"version-history":[{"count":12,"href":"https:\/\/kuopranbot.si\/index.php?rest_route=\/wp\/v2\/pages\/1074\/revisions"}],"predecessor-version":[{"id":7984,"href":"https:\/\/kuopranbot.si\/index.php?rest_route=\/wp\/v2\/pages\/1074\/revisions\/7984"}],"wp:attachment":[{"href":"https:\/\/kuopranbot.si\/index.php?rest_route=%2Fwp%2Fv2%2Fmedia&parent=1074"}],"curies":[{"name":"wp","href":"https:\/\/api.w.org\/{rel}","templated":true}]}}